{"id":1534,"date":"2022-06-23T19:37:42","date_gmt":"2022-06-23T16:37:42","guid":{"rendered":"https:\/\/classicunlimited.ro\/new2022\/?page_id=1534"},"modified":"2026-03-24T18:53:16","modified_gmt":"2026-03-24T16:53:16","slug":"parteneri","status":"publish","type":"page","link":"https:\/\/kids.classicunlimited.ro\/old\/parteneri\/","title":{"rendered":"Parteneri"},"content":{"rendered":"\n<div style=\"height:50px\" aria-hidden=\"true\" class=\"wp-block-spacer\"><\/div>\n\n\n\n<h2 class=\"wp-block-heading\">Finan\u021batori<\/h2>\n\n\n[cfk_partners category=&#8221;finantator&#8221;]\n\n\n\n<div style=\"height:50px\" aria-hidden=\"true\" class=\"wp-block-spacer\"><\/div>\n\n\n\n<h2 class=\"wp-block-heading\">Parteneri principali<\/h2>\n\n\n[cfk_partners category=&#8221;principal&#8221;]\n\n\n\n<div style=\"height:50px\" aria-hidden=\"true\" class=\"wp-block-spacer\"><\/div>\n\n\n\n<h2 class=\"wp-block-heading\">Parteneri muzicali<\/h2>\n\n\n[cfk_partners category=&#8221;muzical&#8221;]\n\n\n\n<div style=\"height:50px\" aria-hidden=\"true\" class=\"wp-block-spacer\"><\/div>\n\n\n\n<h2 class=\"wp-block-heading\">Sus\u021bin\u0103tori<\/h2>\n\n\n[cfk_partners category=&#8221;sustinator&#8221;]\n\n\n\n<div style=\"height:50px\" aria-hidden=\"true\" class=\"wp-block-spacer\"><\/div>\n\n\n\n<h2 class=\"wp-block-heading\">Parteneri locali \u0219i institu\u021bionali<\/h2>\n\n\n[cfk_partners category=&#8221;local&#8221;]\n\n\n\n<div style=\"height:50px\" aria-hidden=\"true\" class=\"wp-block-spacer\"><\/div>\n\n\n\n<h2 class=\"wp-block-heading\">Parteneri media<\/h2>\n\n\n[cfk_partners category=&#8221;media&#8221;]\n\n\n\n<div style=\"height:50px\" aria-hidden=\"true\" class=\"wp-block-spacer\"><\/div>\n\n\n\n<h2 class=\"wp-block-heading\">Men\u021biuni<\/h2>\n\n\n\n<p>Turneul din acest an face parte din proiectul &#8220;Classic for Kids &#8211; Mozart and the Jungle&#8221;, proiect cultural co-finan\u021bat de Administra\u021bia Fondului Cultural Na\u021bional. Proiectul nu reprezint\u0103 \u00een mod necesar pozi\u021bia Administra\u021biei Fondului Cultural Na\u021bional. AFCN nu este responsabil\u0103 de con\u021binutul proiectului sau de modul \u00een care rezultatele proiectului pot fi folosite. Acestea sunt \u00een \u00eentregime responsabilitea beneficiarului finan\u021b\u0103rii.<\/p>\n","protected":false},"excerpt":{"rendered":"<p>Finan\u021batori Parteneri principali Parteneri muzicali Sus\u021bin\u0103tori Parteneri locali \u0219i institu\u021bionali Parteneri media Men\u021biuni Turneul din acest an face parte din proiectul &#8220;Classic for Kids &#8211; Mozart and the Jungle&#8221;, proiect cultural co-finan\u021bat de Administra\u021bia Fondului Cultural Na\u021bional. Proiectul nu reprezint\u0103 \u00een mod necesar pozi\u021bia Administra\u021biei Fondului Cultural Na\u021bional. AFCN nu este responsabil\u0103 de con\u021binutul proiectului sau de modul \u00een care rezultatele proiectului pot fi folosite. Acestea sunt \u00een \u00eentregime responsabilitea beneficiarului finan\u021b\u0103rii.<\/p>\n","protected":false},"author":4,"featured_media":0,"parent":0,"menu_order":0,"comment_status":"closed","ping_status":"closed","template":"","meta":{"footnotes":""},"class_list":["post-1534","page","type-page","status-publish","hentry"],"yoast_head":"<!-- This site is optimized with the Yoast SEO Premium plugin v21.0 (Yoast SEO v27.3) - https:\/\/yoast.com\/product\/yoast-seo-premium-wordpress\/ -->\n<title>Parteneri - Classic for Kids<\/title>\n<meta name=\"robots\" content=\"noindex, follow, max-snippet:-1, max-image-preview:large, max-video-preview:-1\" \/>\n<meta property=\"og:locale\" content=\"ro_RO\" \/>\n<meta property=\"og:type\" content=\"article\" \/>\n<meta property=\"og:title\" content=\"Parteneri\" \/>\n<meta property=\"og:description\" content=\"Finan\u021batori Parteneri principali Parteneri muzicali Sus\u021bin\u0103tori Parteneri locali \u0219i institu\u021bionali Parteneri media Men\u021biuni Turneul din acest an face parte din proiectul &#8220;Classic for Kids &#8211; Mozart and the Jungle&#8221;, proiect cultural co-finan\u021bat de Administra\u021bia Fondului Cultural Na\u021bional. Proiectul nu reprezint\u0103 \u00een mod necesar pozi\u021bia Administra\u021biei Fondului Cultural Na\u021bional. AFCN nu este responsabil\u0103 de con\u021binutul proiectului sau de modul \u00een care rezultatele proiectului pot fi folosite. Acestea sunt \u00een \u00eentregime responsabilitea beneficiarului finan\u021b\u0103rii.\" \/>\n<meta property=\"og:url\" content=\"https:\/\/kids.classicunlimited.ro\/old\/parteneri\/\" \/>\n<meta property=\"og:site_name\" content=\"Classic for Kids\" \/>\n<meta property=\"article:publisher\" content=\"https:\/\/www.facebook.com\/classicunlimited.ro\" \/>\n<meta property=\"article:modified_time\" content=\"2026-03-24T16:53:16+00:00\" \/>\n<meta property=\"og:image\" content=\"https:\/\/kids.classicunlimited.ro\/old\/wp-content\/uploads\/2023\/02\/cropped-Classic-for-Kids-Profile.jpg\" \/>\n\t<meta property=\"og:image:width\" content=\"512\" \/>\n\t<meta property=\"og:image:height\" content=\"512\" \/>\n\t<meta property=\"og:image:type\" content=\"image\/jpeg\" \/>\n<meta name=\"twitter:card\" content=\"summary_large_image\" \/>\n<meta name=\"twitter:label1\" content=\"Timp estimat pentru citire\" \/>\n\t<meta name=\"twitter:data1\" content=\"1 minut\" \/>\n<script type=\"application\/ld+json\" class=\"yoast-schema-graph\">{\"@context\":\"https:\\\/\\\/schema.org\",\"@graph\":[{\"@type\":\"WebPage\",\"@id\":\"https:\\\/\\\/kids.classicunlimited.ro\\\/old\\\/parteneri\\\/\",\"url\":\"https:\\\/\\\/kids.classicunlimited.ro\\\/old\\\/parteneri\\\/\",\"name\":\"Parteneri - Classic for Kids\",\"isPartOf\":{\"@id\":\"https:\\\/\\\/kids.classicunlimited.ro\\\/old\\\/#website\"},\"datePublished\":\"2022-06-23T16:37:42+00:00\",\"dateModified\":\"2026-03-24T16:53:16+00:00\",\"breadcrumb\":{\"@id\":\"https:\\\/\\\/kids.classicunlimited.ro\\\/old\\\/parteneri\\\/#breadcrumb\"},\"inLanguage\":\"ro-RO\",\"potentialAction\":[{\"@type\":\"ReadAction\",\"target\":[\"https:\\\/\\\/kids.classicunlimited.ro\\\/old\\\/parteneri\\\/\"]}]},{\"@type\":\"BreadcrumbList\",\"@id\":\"https:\\\/\\\/kids.classicunlimited.ro\\\/old\\\/parteneri\\\/#breadcrumb\",\"itemListElement\":[{\"@type\":\"ListItem\",\"position\":1,\"name\":\"Home\",\"item\":\"https:\\\/\\\/kids.classicunlimited.ro\\\/old\\\/\"},{\"@type\":\"ListItem\",\"position\":2,\"name\":\"Parteneri\"}]},{\"@type\":\"WebSite\",\"@id\":\"https:\\\/\\\/kids.classicunlimited.ro\\\/old\\\/#website\",\"url\":\"https:\\\/\\\/kids.classicunlimited.ro\\\/old\\\/\",\"name\":\"Classic for Kids\",\"description\":\"Concerte de pian \u0219i ateliere de muzic\u0103 pentru copii\",\"publisher\":{\"@id\":\"https:\\\/\\\/kids.classicunlimited.ro\\\/old\\\/#organization\"},\"potentialAction\":[{\"@type\":\"SearchAction\",\"target\":{\"@type\":\"EntryPoint\",\"urlTemplate\":\"https:\\\/\\\/kids.classicunlimited.ro\\\/old\\\/?s={search_term_string}\"},\"query-input\":{\"@type\":\"PropertyValueSpecification\",\"valueRequired\":true,\"valueName\":\"search_term_string\"}}],\"inLanguage\":\"ro-RO\"},{\"@type\":\"Organization\",\"@id\":\"https:\\\/\\\/kids.classicunlimited.ro\\\/old\\\/#organization\",\"name\":\"Classic for Kids\",\"url\":\"https:\\\/\\\/kids.classicunlimited.ro\\\/old\\\/\",\"logo\":{\"@type\":\"ImageObject\",\"inLanguage\":\"ro-RO\",\"@id\":\"https:\\\/\\\/kids.classicunlimited.ro\\\/old\\\/#\\\/schema\\\/logo\\\/image\\\/\",\"url\":\"https:\\\/\\\/kids.classicunlimited.ro\\\/old\\\/wp-content\\\/uploads\\\/2022\\\/06\\\/Classic-Unlimited-Explained-logo.png\",\"contentUrl\":\"https:\\\/\\\/kids.classicunlimited.ro\\\/old\\\/wp-content\\\/uploads\\\/2022\\\/06\\\/Classic-Unlimited-Explained-logo.png\",\"width\":2048,\"height\":731,\"caption\":\"Classic for Kids\"},\"image\":{\"@id\":\"https:\\\/\\\/kids.classicunlimited.ro\\\/old\\\/#\\\/schema\\\/logo\\\/image\\\/\"},\"sameAs\":[\"https:\\\/\\\/www.facebook.com\\\/classicunlimited.ro\",\"http:\\\/\\\/www.instagram.com\\\/classicunlimited\\\/\",\"http:\\\/\\\/www.youtube.com\\\/playlist?list=PLPSUoWQmH3fJ-pDnhy0nnKjWmU94UmiWn\"]}]}<\/script>\n<!-- \/ Yoast SEO Premium plugin. -->","yoast_head_json":{"title":"Parteneri - Classic for Kids","robots":{"index":"noindex","follow":"follow","max-snippet":"max-snippet:-1","max-image-preview":"max-image-preview:large","max-video-preview":"max-video-preview:-1"},"og_locale":"ro_RO","og_type":"article","og_title":"Parteneri","og_description":"Finan\u021batori Parteneri principali Parteneri muzicali Sus\u021bin\u0103tori Parteneri locali \u0219i institu\u021bionali Parteneri media Men\u021biuni Turneul din acest an face parte din proiectul &#8220;Classic for Kids &#8211; Mozart and the Jungle&#8221;, proiect cultural co-finan\u021bat de Administra\u021bia Fondului Cultural Na\u021bional. Proiectul nu reprezint\u0103 \u00een mod necesar pozi\u021bia Administra\u021biei Fondului Cultural Na\u021bional. AFCN nu este responsabil\u0103 de con\u021binutul proiectului sau de modul \u00een care rezultatele proiectului pot fi folosite. Acestea sunt \u00een \u00eentregime responsabilitea beneficiarului finan\u021b\u0103rii.","og_url":"https:\/\/kids.classicunlimited.ro\/old\/parteneri\/","og_site_name":"Classic for Kids","article_publisher":"https:\/\/www.facebook.com\/classicunlimited.ro","article_modified_time":"2026-03-24T16:53:16+00:00","og_image":[{"width":512,"height":512,"url":"https:\/\/kids.classicunlimited.ro\/old\/wp-content\/uploads\/2023\/02\/cropped-Classic-for-Kids-Profile.jpg","type":"image\/jpeg"}],"twitter_card":"summary_large_image","twitter_misc":{"Timp estimat pentru citire":"1 minut"},"schema":{"@context":"https:\/\/schema.org","@graph":[{"@type":"WebPage","@id":"https:\/\/kids.classicunlimited.ro\/old\/parteneri\/","url":"https:\/\/kids.classicunlimited.ro\/old\/parteneri\/","name":"Parteneri - Classic for Kids","isPartOf":{"@id":"https:\/\/kids.classicunlimited.ro\/old\/#website"},"datePublished":"2022-06-23T16:37:42+00:00","dateModified":"2026-03-24T16:53:16+00:00","breadcrumb":{"@id":"https:\/\/kids.classicunlimited.ro\/old\/parteneri\/#breadcrumb"},"inLanguage":"ro-RO","potentialAction":[{"@type":"ReadAction","target":["https:\/\/kids.classicunlimited.ro\/old\/parteneri\/"]}]},{"@type":"BreadcrumbList","@id":"https:\/\/kids.classicunlimited.ro\/old\/parteneri\/#breadcrumb","itemListElement":[{"@type":"ListItem","position":1,"name":"Home","item":"https:\/\/kids.classicunlimited.ro\/old\/"},{"@type":"ListItem","position":2,"name":"Parteneri"}]},{"@type":"WebSite","@id":"https:\/\/kids.classicunlimited.ro\/old\/#website","url":"https:\/\/kids.classicunlimited.ro\/old\/","name":"Classic for Kids","description":"Concerte de pian \u0219i ateliere de muzic\u0103 pentru copii","publisher":{"@id":"https:\/\/kids.classicunlimited.ro\/old\/#organization"},"potentialAction":[{"@type":"SearchAction","target":{"@type":"EntryPoint","urlTemplate":"https:\/\/kids.classicunlimited.ro\/old\/?s={search_term_string}"},"query-input":{"@type":"PropertyValueSpecification","valueRequired":true,"valueName":"search_term_string"}}],"inLanguage":"ro-RO"},{"@type":"Organization","@id":"https:\/\/kids.classicunlimited.ro\/old\/#organization","name":"Classic for Kids","url":"https:\/\/kids.classicunlimited.ro\/old\/","logo":{"@type":"ImageObject","inLanguage":"ro-RO","@id":"https:\/\/kids.classicunlimited.ro\/old\/#\/schema\/logo\/image\/","url":"https:\/\/kids.classicunlimited.ro\/old\/wp-content\/uploads\/2022\/06\/Classic-Unlimited-Explained-logo.png","contentUrl":"https:\/\/kids.classicunlimited.ro\/old\/wp-content\/uploads\/2022\/06\/Classic-Unlimited-Explained-logo.png","width":2048,"height":731,"caption":"Classic for Kids"},"image":{"@id":"https:\/\/kids.classicunlimited.ro\/old\/#\/schema\/logo\/image\/"},"sameAs":["https:\/\/www.facebook.com\/classicunlimited.ro","http:\/\/www.instagram.com\/classicunlimited\/","http:\/\/www.youtube.com\/playlist?list=PLPSUoWQmH3fJ-pDnhy0nnKjWmU94UmiWn"]}]}},"_links":{"self":[{"href":"https:\/\/kids.classicunlimited.ro\/old\/wp-json\/wp\/v2\/pages\/1534","targetHints":{"allow":["GET"]}}],"collection":[{"href":"https:\/\/kids.classicunlimited.ro\/old\/wp-json\/wp\/v2\/pages"}],"about":[{"href":"https:\/\/kids.classicunlimited.ro\/old\/wp-json\/wp\/v2\/types\/page"}],"author":[{"embeddable":true,"href":"https:\/\/kids.classicunlimited.ro\/old\/wp-json\/wp\/v2\/users\/4"}],"replies":[{"embeddable":true,"href":"https:\/\/kids.classicunlimited.ro\/old\/wp-json\/wp\/v2\/comments?post=1534"}],"version-history":[{"count":36,"href":"https:\/\/kids.classicunlimited.ro\/old\/wp-json\/wp\/v2\/pages\/1534\/revisions"}],"predecessor-version":[{"id":7025,"href":"https:\/\/kids.classicunlimited.ro\/old\/wp-json\/wp\/v2\/pages\/1534\/revisions\/7025"}],"wp:attachment":[{"href":"https:\/\/kids.classicunlimited.ro\/old\/wp-json\/wp\/v2\/media?parent=1534"}],"curies":[{"name":"wp","href":"https:\/\/api.w.org\/{rel}","templated":true}]}}